{"id":254,"date":"2025-10-08T17:40:48","date_gmt":"2025-10-08T17:40:48","guid":{"rendered":"https:\/\/paintlinepolska.pl\/?page_id=254"},"modified":"2025-10-18T19:30:46","modified_gmt":"2025-10-18T19:30:46","slug":"o-nas","status":"publish","type":"page","link":"https:\/\/paintlinepolska.pl\/index.php\/o-nas\/","title":{"rendered":"O nas"},"content":{"rendered":"\t\t<div data-elementor-type=\"wp-page\" data-elementor-id=\"254\" class=\"elementor elementor-254\">\n\t\t\t\t<div class=\"elementor-element elementor-element-be6a896 e-flex e-con-boxed e-con e-parent\" data-id=\"be6a896\" data-element_type=\"container\" data-settings=\"{&quot;background_background&quot;:&quot;classic&quot;}\">\n\t\t\t\t\t<div class=\"e-con-inner\">\n\t\t\t\t<div class=\"elementor-element elementor-element-85b2069 elementor-widget elementor-widget-heading\" data-id=\"85b2069\" data-element_type=\"widget\" data-widget_type=\"heading.default\">\n\t\t\t\t\t<h2 class=\"elementor-heading-title elementor-size-default\">O nas<\/h2>\t\t\t\t<\/div>\n\t\t\t\t<div class=\"elementor-element elementor-element-5c4cc8e elementor-widget elementor-widget-text-editor\" data-id=\"5c4cc8e\" data-element_type=\"widget\" data-widget_type=\"text-editor.default\">\n\t\t\t\t\t\t\t\t\t<p>Profesjonalne oznakowanie i malowanie powierzchni przemys\u0142owych na terenie ca\u0142ej Polski<\/p>\t\t\t\t\t\t\t\t<\/div>\n\t\t\t\t\t<\/div>\n\t\t\t\t<\/div>\n\t\t<div class=\"elementor-element elementor-element-da0b73a e-flex e-con-boxed e-con e-parent\" data-id=\"da0b73a\" data-element_type=\"container\">\n\t\t\t\t\t<div class=\"e-con-inner\">\n\t\t\t\t<div class=\"elementor-element elementor-element-4b60570 elementor-widget elementor-widget-heading\" data-id=\"4b60570\" data-element_type=\"widget\" data-widget_type=\"heading.default\">\n\t\t\t\t\t<h2 class=\"elementor-heading-title elementor-size-default\">Kim jeste\u015bmy?<\/h2>\t\t\t\t<\/div>\n\t\t\t\t\t<\/div>\n\t\t\t\t<\/div>\n\t\t<div class=\"elementor-element elementor-element-d76cc98 e-flex e-con-boxed e-con e-parent\" data-id=\"d76cc98\" data-element_type=\"container\">\n\t\t\t\t\t<div class=\"e-con-inner\">\n\t\t\t\t<div class=\"elementor-element elementor-element-861b261 elementor-widget elementor-widget-text-editor\" data-id=\"861b261\" data-element_type=\"widget\" data-widget_type=\"text-editor.default\">\n\t\t\t\t\t\t\t\t\t<p>Jeste\u015bmy firm\u0105 specjalizuj\u0105c\u0105 si\u0119 w profesjonalnym malowaniu i oznakowaniu poziomym parking\u00f3w, plac\u00f3w manewrowych oraz innych nawierzchni asfaltowych i betonowych.<\/p><p>Nasz\u0105 dzia\u0142alno\u015b\u0107 prowadzimy w ca\u0142ej Polsce, realizuj\u0105c zlecenia zar\u00f3wno dla firm prywatnych, wsp\u00f3lnot mieszkaniowych, deweloper\u00f3w, jak i instytucji publicznych.<\/p><p>Tworzymy zgrany zesp\u00f3\u0142 z wieloletnim do\u015bwiadczeniem w bran\u017cy oznakowa\u0144 drogowych. Dzi\u0119ki temu ka\u017cde zlecenie realizujemy szybko, dok\u0142adnie i z dba\u0142o\u015bci\u0105 o ka\u017cdy detal. Pracujemy wy\u0142\u0105cznie na sprawdzonych farbach drogowych oraz profesjonalnym sprz\u0119cie malarskim, co gwarantuje trwa\u0142o\u015b\u0107 i estetyk\u0119 wykonania.<\/p><p>Naszym priorytetem jest funkcjonalno\u015b\u0107 i bezpiecze\u0144stwo, dlatego przy ka\u017cdym projekcie oferujemy nie tylko wykonanie prac, ale r\u00f3wnie\u017c praktyczne doradztwo w zakresie rozmieszczenia oznakowa\u0144. Pomagamy dobra\u0107 najbardziej czytelne i logiczne rozwi\u0105zania, oparte na do\u015bwiadczeniu z setek realizacji w ca\u0142ym kraju.<\/p><p>Dzia\u0142amy mobilnie \u2013 niezale\u017cnie od lokalizacji inwestycji.<\/p><p>Wszystkie podawane ceny zawieraj\u0105 pe\u0142ne koszty materia\u0142\u00f3w, sprz\u0119tu i mobilnej obs\u0142ugi inwestycji, dzi\u0119ki czemu wsp\u00f3\u0142praca z nami jest przejrzysta i bez niespodzianek.<\/p><p>Ka\u017cde zlecenie traktujemy indywidualnie. Dbamy o terminowo\u015b\u0107, komunikacj\u0119 z klientem i solidne wykonanie \u2013 tak, aby nasze oznakowania s\u0142u\u017cy\u0142y przez d\u0142ugi czas i wygl\u0105da\u0142y tak dobrze, jak w dniu malowania.<\/p><p><strong>Precyzja, trwa\u0142o\u015b\u0107 i do\u015bwiadczenie<\/strong> \u2013 to nasza wizyt\u00f3wka.<\/p>\t\t\t\t\t\t\t\t<\/div>\n\t\t\t\t\t<\/div>\n\t\t\t\t<\/div>\n\t\t<div class=\"elementor-element elementor-element-32ecb13 e-flex e-con-boxed e-con e-parent\" data-id=\"32ecb13\" data-element_type=\"container\" data-settings=\"{&quot;background_background&quot;:&quot;classic&quot;}\">\n\t\t\t\t\t<div class=\"e-con-inner\">\n\t\t\t\t<div class=\"elementor-element elementor-element-bcca227 elementor-widget elementor-widget-heading\" data-id=\"bcca227\" data-element_type=\"widget\" data-widget_type=\"heading.default\">\n\t\t\t\t\t<h2 class=\"elementor-heading-title elementor-size-default\">Masz projekt do oznakowania?<\/h2>\t\t\t\t<\/div>\n\t\t\t\t<div class=\"elementor-element elementor-element-cabb328 elementor-widget elementor-widget-text-editor\" data-id=\"cabb328\" data-element_type=\"widget\" data-widget_type=\"text-editor.default\">\n\t\t\t\t\t\t\t\t\t<p>Skontaktuj si\u0119 z nami &#8211; przygotujemy wycen\u0119 wst\u0119pn\u0105 gratis.<\/p>\t\t\t\t\t\t\t\t<\/div>\n\t\t\t\t<div class=\"elementor-element elementor-element-5011c04 elementor-widget elementor-widget-button\" data-id=\"5011c04\" data-element_type=\"widget\" data-widget_type=\"button.default\">\n\t\t\t\t\t\t\t\t\t\t<a class=\"elementor-button elementor-button-link elementor-size-sm\" href=\"https:\/\/paintlinepolska.pl\/#kontakt\">\n\t\t\t\t\t\t<span class=\"elementor-button-content-wrapper\">\n\t\t\t\t\t\t\t\t\t<span class=\"elementor-button-text\">Skontaktuj si\u0119<\/span>\n\t\t\t\t\t<\/span>\n\t\t\t\t\t<\/a>\n\t\t\t\t\t\t\t\t<\/div>\n\t\t\t\t\t<\/div>\n\t\t\t\t<\/div>\n\t\t<div class=\"elementor-element elementor-element-23a7d44 e-flex e-con-boxed e-con e-parent\" data-id=\"23a7d44\" data-element_type=\"container\">\n\t\t\t\t\t<div class=\"e-con-inner\">\n\t\t\t\t<div class=\"elementor-element elementor-element-8757811 elementor-widget elementor-widget-image\" data-id=\"8757811\" data-element_type=\"widget\" data-widget_type=\"image.default\">\n\t\t\t\t\t\t\t\t\t\t\t\t\t\t\t\t<a href=\"https:\/\/paintlinepolska.pl\/\">\n\t\t\t\t\t\t\t<img decoding=\"async\" width=\"150\" height=\"150\" src=\"https:\/\/paintlinepolska.pl\/wp-content\/uploads\/2025\/10\/Projekt-bez-nazwy-3-2-150x150.png\" class=\"attachment-thumbnail size-thumbnail wp-image-91\" alt=\"\" srcset=\"https:\/\/paintlinepolska.pl\/wp-content\/uploads\/2025\/10\/Projekt-bez-nazwy-3-2-150x150.png 150w, https:\/\/paintlinepolska.pl\/wp-content\/uploads\/2025\/10\/Projekt-bez-nazwy-3-2-300x300.png 300w, https:\/\/paintlinepolska.pl\/wp-content\/uploads\/2025\/10\/Projekt-bez-nazwy-3-2-1024x1024.png 1024w, https:\/\/paintlinepolska.pl\/wp-content\/uploads\/2025\/10\/Projekt-bez-nazwy-3-2-768x768.png 768w, https:\/\/paintlinepolska.pl\/wp-content\/uploads\/2025\/10\/Projekt-bez-nazwy-3-2.png 1080w\" sizes=\"(max-width: 150px) 100vw, 150px\" \/>\t\t\t\t\t\t\t\t<\/a>\n\t\t\t\t\t\t\t\t\t\t\t\t\t\t\t<\/div>\n\t\t\t\t<div class=\"elementor-element elementor-element-de6146f elementor-widget elementor-widget-text-editor\" data-id=\"de6146f\" data-element_type=\"widget\" data-widget_type=\"text-editor.default\">\n\t\t\t\t\t\t\t\t\t<p>\u00a9 2025 PaintLine POLSKA \u2013 Oznakowanie parking\u00f3w i hal<br \/>tel. +48 511 713 335 | e-mail: biuro@paintlinepolska.pl<\/p>\t\t\t\t\t\t\t\t<\/div>\n\t\t\t\t\t<\/div>\n\t\t\t\t<\/div>\n\t\t<div class=\"elementor-element elementor-element-f7d4c45 e-flex e-con-boxed e-con e-parent\" data-id=\"f7d4c45\" data-element_type=\"container\">\n\t\t\t\t\t<div class=\"e-con-inner\">\n\t\t\t\t<div class=\"elementor-element elementor-element-8a977a9 elementor-shape-rounded elementor-grid-0 e-grid-align-center elementor-widget elementor-widget-social-icons\" data-id=\"8a977a9\" data-element_type=\"widget\" data-widget_type=\"social-icons.default\">\n\t\t\t\t\t\t\t<div class=\"elementor-social-icons-wrapper elementor-grid\" role=\"list\">\n\t\t\t\t\t\t\t<span class=\"elementor-grid-item\" role=\"listitem\">\n\t\t\t\t\t<a class=\"elementor-icon elementor-social-icon elementor-social-icon-facebook elementor-repeater-item-738d6cd\" href=\"http:\/\/facebook.com\/paintlinepolska\" target=\"_blank\" rel=\"noopener\">\n\t\t\t\t\t\t<span class=\"elementor-screen-only\">Facebook<\/span>\n\t\t\t\t\t\t<svg aria-hidden=\"true\" class=\"e-font-icon-svg e-fab-facebook\" viewBox=\"0 0 512 512\" xmlns=\"http:\/\/www.w3.org\/2000\/svg\"><path d=\"M504 256C504 119 393 8 256 8S8 119 8 256c0 123.78 90.69 226.38 209.25 245V327.69h-63V256h63v-54.64c0-62.15 37-96.48 93.67-96.48 27.14 0 55.52 4.84 55.52 4.84v61h-31.28c-30.8 0-40.41 19.12-40.41 38.73V256h68.78l-11 71.69h-57.78V501C413.31 482.38 504 379.78 504 256z\"><\/path><\/svg>\t\t\t\t\t<\/a>\n\t\t\t\t<\/span>\n\t\t\t\t\t\t\t<span class=\"elementor-grid-item\" role=\"listitem\">\n\t\t\t\t\t<a class=\"elementor-icon elementor-social-icon elementor-social-icon-instagram elementor-repeater-item-333ee0a\" href=\"http:\/\/instagram.com\/paintlinepolska\" target=\"_blank\" rel=\"noopener\">\n\t\t\t\t\t\t<span class=\"elementor-screen-only\">Instagram<\/span>\n\t\t\t\t\t\t<svg aria-hidden=\"true\" class=\"e-font-icon-svg e-fab-instagram\" viewBox=\"0 0 448 512\" xmlns=\"http:\/\/www.w3.org\/2000\/svg\"><path d=\"M224.1 141c-63.6 0-114.9 51.3-114.9 114.9s51.3 114.9 114.9 114.9S339 319.5 339 255.9 287.7 141 224.1 141zm0 189.6c-41.1 0-74.7-33.5-74.7-74.7s33.5-74.7 74.7-74.7 74.7 33.5 74.7 74.7-33.6 74.7-74.7 74.7zm146.4-194.3c0 14.9-12 26.8-26.8 26.8-14.9 0-26.8-12-26.8-26.8s12-26.8 26.8-26.8 26.8 12 26.8 26.8zm76.1 27.2c-1.7-35.9-9.9-67.7-36.2-93.9-26.2-26.2-58-34.4-93.9-36.2-37-2.1-147.9-2.1-184.9 0-35.8 1.7-67.6 9.9-93.9 36.1s-34.4 58-36.2 93.9c-2.1 37-2.1 147.9 0 184.9 1.7 35.9 9.9 67.7 36.2 93.9s58 34.4 93.9 36.2c37 2.1 147.9 2.1 184.9 0 35.9-1.7 67.7-9.9 93.9-36.2 26.2-26.2 34.4-58 36.2-93.9 2.1-37 2.1-147.8 0-184.8zM398.8 388c-7.8 19.6-22.9 34.7-42.6 42.6-29.5 11.7-99.5 9-132.1 9s-102.7 2.6-132.1-9c-19.6-7.8-34.7-22.9-42.6-42.6-11.7-29.5-9-99.5-9-132.1s-2.6-102.7 9-132.1c7.8-19.6 22.9-34.7 42.6-42.6 29.5-11.7 99.5-9 132.1-9s102.7-2.6 132.1 9c19.6 7.8 34.7 22.9 42.6 42.6 11.7 29.5 9 99.5 9 132.1s2.7 102.7-9 132.1z\"><\/path><\/svg>\t\t\t\t\t<\/a>\n\t\t\t\t<\/span>\n\t\t\t\t\t<\/div>\n\t\t\t\t\t\t<\/div>\n\t\t\t\t\t<\/div>\n\t\t\t\t<\/div>\n\t\t\t\t<\/div>\n\t\t","protected":false},"excerpt":{"rendered":"<p>O nas Profesjonalne oznakowanie i malowanie powierzchni przemys\u0142owych na terenie ca\u0142ej Polski Kim jeste\u015bmy? Jeste\u015bmy firm\u0105 specjalizuj\u0105c\u0105 si\u0119 w profesjonalnym [&hellip;]<\/p>\n","protected":false},"author":1,"featured_media":0,"parent":0,"menu_order":0,"comment_status":"closed","ping_status":"closed","template":"elementor_canvas","meta":{"site-sidebar-layout":"no-sidebar","site-content-layout":"","ast-site-content-layout":"full-width-container","site-content-style":"default","site-sidebar-style":"default","ast-global-header-display":"","ast-banner-title-visibility":"","ast-main-header-display":"","ast-hfb-above-header-display":"","ast-hfb-below-header-display":"","ast-hfb-mobile-header-display":"","site-post-title":"","ast-breadcrumbs-content":"","ast-featured-img":"disabled","footer-sml-layout":"","theme-transparent-header-meta":"","adv-header-id-meta":"","stick-header-meta":"","header-above-stick-meta":"","header-main-stick-meta":"","header-below-stick-meta":"","astra-migrate-meta-layouts":"default","ast-page-background-enabled":"default","ast-page-background-meta":{"desktop":{"background-color":"var(--ast-global-color-5)","background-image":"","background-repeat":"repeat","background-position":"center center","background-size":"auto","background-attachment":"scroll","background-type":"","background-media":"","overlay-type":"","overlay-color":"","overlay-opacity":"","overlay-gradient":""},"tablet":{"background-color":"","background-image":"","background-repeat":"repeat","background-position":"center center","background-size":"auto","background-attachment":"scroll","background-type":"","background-media":"","overlay-type":"","overlay-color":"","overlay-opacity":"","overlay-gradient":""},"mobile":{"background-color":"","background-image":"","background-repeat":"repeat","background-position":"center center","background-size":"auto","background-attachment":"scroll","background-type":"","background-media":"","overlay-type":"","overlay-color":"","overlay-opacity":"","overlay-gradient":""}},"ast-content-background-meta":{"desktop":{"background-color":"var(--ast-global-color-4)","background-image":"","background-repeat":"repeat","background-position":"center center","background-size":"auto","background-attachment":"scroll","background-type":"","background-media":"","overlay-type":"","overlay-color":"","overlay-opacity":"","overlay-gradient":""},"tablet":{"background-color":"var(--ast-global-color-4)","background-image":"","background-repeat":"repeat","background-position":"center center","background-size":"auto","background-attachment":"scroll","background-type":"","background-media":"","overlay-type":"","overlay-color":"","overlay-opacity":"","overlay-gradient":""},"mobile":{"background-color":"var(--ast-global-color-4)","background-image":"","background-repeat":"repeat","background-position":"center center","background-size":"auto","background-attachment":"scroll","background-type":"","background-media":"","overlay-type":"","overlay-color":"","overlay-opacity":"","overlay-gradient":""}},"footnotes":""},"class_list":["post-254","page","type-page","status-publish","hentry"],"_links":{"self":[{"href":"https:\/\/paintlinepolska.pl\/index.php\/wp-json\/wp\/v2\/pages\/254","targetHints":{"allow":["GET"]}}],"collection":[{"href":"https:\/\/paintlinepolska.pl\/index.php\/wp-json\/wp\/v2\/pages"}],"about":[{"href":"https:\/\/paintlinepolska.pl\/index.php\/wp-json\/wp\/v2\/types\/page"}],"author":[{"embeddable":true,"href":"https:\/\/paintlinepolska.pl\/index.php\/wp-json\/wp\/v2\/users\/1"}],"replies":[{"embeddable":true,"href":"https:\/\/paintlinepolska.pl\/index.php\/wp-json\/wp\/v2\/comments?post=254"}],"version-history":[{"count":31,"href":"https:\/\/paintlinepolska.pl\/index.php\/wp-json\/wp\/v2\/pages\/254\/revisions"}],"predecessor-version":[{"id":356,"href":"https:\/\/paintlinepolska.pl\/index.php\/wp-json\/wp\/v2\/pages\/254\/revisions\/356"}],"wp:attachment":[{"href":"https:\/\/paintlinepolska.pl\/index.php\/wp-json\/wp\/v2\/media?parent=254"}],"curies":[{"name":"wp","href":"https:\/\/api.w.org\/{rel}","templated":true}]}}